{"id":1274,"date":"2023-07-28T17:43:29","date_gmt":"2023-07-28T17:43:29","guid":{"rendered":"https:\/\/lidernetwork.com.br\/web\/?page_id=1274"},"modified":"2024-07-10T11:52:25","modified_gmt":"2024-07-10T11:52:25","slug":"politica-termos-liongestor","status":"publish","type":"page","link":"https:\/\/www.lidernetwork.com.br\/web\/?page_id=1274","title":{"rendered":"Pol\u00edtica de Privacidade e Termos de uso LION Gestor"},"content":{"rendered":"\t\t<div data-elementor-type=\"wp-page\" data-elementor-id=\"1274\" class=\"elementor elementor-1274\" data-elementor-post-type=\"page\">\n\t\t\t\t\t\t<section class=\"elementor-section elementor-top-section elementor-element elementor-element-52f45ec5 elementor-section-boxed elementor-section-height-default elementor-section-height-default\" data-id=\"52f45ec5\" data-element_type=\"section\">\n\t\t\t\t\t\t<div class=\"elementor-container elementor-column-gap-default\">\n\t\t\t\t\t<div class=\"elementor-column elementor-col-100 elementor-top-column elementor-element elementor-element-4dabe593\" data-id=\"4dabe593\" data-element_type=\"column\">\n\t\t\t<div class=\"elementor-widget-wrap elementor-element-populated\">\n\t\t\t\t\t\t<div class=\"elementor-element elementor-element-2ba35e4d elementor-widget elementor-widget-text-editor\" data-id=\"2ba35e4d\" data-element_type=\"widget\" data-widget_type=\"text-editor.default\">\n\t\t\t\t<div class=\"elementor-widget-container\">\n\t\t\t\t\t\t\t\t\t<p><\/p>\n<p>Pol\u00edtica Privacidade<\/p>\n<p><\/p>\n<p><\/p>\n<p>A sua privacidade \u00e9 importante para\u00a0 a LIDERNetwork Tecnologia. \u00c9 nossa pol\u00edtica e tamb\u00e9m a do LION Gestor respeitar a sua privacidade em rela\u00e7\u00e3o a qualquer informa\u00e7\u00e3o sua que possamos coletar no site LION Gestor, e outros aplicativos que possu\u00edmos e operamos.<\/p>\n<p><\/p>\n<p><\/p>\n<p>Solicitamos informa\u00e7\u00f5es pessoais apenas quando realmente precisamos delas para lhe fornecer um servi\u00e7o. Fazemo-lo por meios justos e legais, com o seu conhecimento e consentimento. Tamb\u00e9m informamos por que estamos coletando e como ser\u00e1 usado.<\/p>\n<p><\/p>\n<p><\/p>\n<p>Apenas retemos as informa\u00e7\u00f5es coletadas pelo tempo necess\u00e1rio para fornecer o servi\u00e7o solicitado. Quando armazenamos dados, protegemos dentro de meios comercialmente aceit\u00e1veis para evitar perdas e roubos, bem como acesso, divulga\u00e7\u00e3o, c\u00f3pia, uso ou modifica\u00e7\u00e3o n\u00e3o autorizados.<\/p>\n<p><\/p>\n<p><\/p>\n<p>N\u00e3o compartilhamos informa\u00e7\u00f5es de identifica\u00e7\u00e3o pessoal publicamente ou com terceiros, exceto quando exigido por lei.<\/p>\n<p><\/p>\n<p><\/p>\n<p>Voc\u00ea \u00e9 livre para recusar a nossa solicita\u00e7\u00e3o de informa\u00e7\u00f5es pessoais, entendendo que talvez n\u00e3o possamos fornecer alguns dos servi\u00e7os desejados.<\/p>\n<p><\/p>\n<p><\/p>\n<p>O uso continuado de nosso site ser\u00e1 considerado como aceita\u00e7\u00e3o de nossas pr\u00e1ticas em torno de privacidade e informa\u00e7\u00f5es pessoais. Se voc\u00ea tiver alguma d\u00favida sobre como lidamos com dados do usu\u00e1rio e informa\u00e7\u00f5es pessoais, entre em contato conosco.<\/p>\n<p><\/p>\n<p><\/p>\n<p>\u00a0Termos<\/p>\n<p><\/p>\n<p><\/p>\n<p>Ao acessar ao utilizar o LION Gestor, concorda em cumprir estes\u00a0termos de uso, todas as leis e regulamentos aplic\u00e1veis e concorda que \u00e9 respons\u00e1vel pelo cumprimento de todas as leis locais aplic\u00e1veis. Se voc\u00ea n\u00e3o concordar com algum desses termos, est\u00e1 proibido de usar ou acessar este site. Os materiais contidos neste site s\u00e3o protegidos pelas leis de direitos autorais e marcas comerciais aplic\u00e1veis.<\/p>\n<p><\/p>\n<p><\/p>\n<ol class=\"wp-block-list\" start=\"2\">\n<li style=\"list-style-type: none;\">\n<ol start=\"2\"><\/ol>\n<\/li>\n<\/ol>\n<p>\u00a0<\/p>\n<ol start=\"2\">\n<li style=\"list-style-type: none;\">\n<ol start=\"2\">\n<li>Uso de Licen\u00e7a<\/li>\n<\/ol>\n<\/li>\n<\/ol>\n<p><\/p>\n<p><\/p>\n<p><\/p>\n<p>\u00c9 concedida permiss\u00e3o para baixar temporariamente uma c\u00f3pia dos materiais (informa\u00e7\u00f5es ou software) no site LION Gestor, apenas para visualiza\u00e7\u00e3o transit\u00f3ria pessoal e n\u00e3o comercial. Esta \u00e9 a concess\u00e3o de uma licen\u00e7a, n\u00e3o uma transfer\u00eancia de t\u00edtulo e, sob esta licen\u00e7a, voc\u00ea n\u00e3o pode:<\/p>\n<p><\/p>\n<p><\/p>\n<p>modificar ou copiar os materiais;<\/p>\n<p><\/p>\n<p><\/p>\n<p>usar os materiais para qualquer finalidade comercial ou para exibi\u00e7\u00e3o p\u00fablica (comercial ou n\u00e3o comercial);<\/p>\n<p><\/p>\n<p><\/p>\n<p>tentar descompilar ou fazer engenharia reversa de qualquer software contido no site LION Gestor;<\/p>\n<p><\/p>\n<p><\/p>\n<p>remover quaisquer direitos autorais ou outras nota\u00e7\u00f5es de propriedade dos materiais; ou<\/p>\n<p><\/p>\n<p><\/p>\n<p>transferir os materiais para outra pessoa ou &#8216;espelhe&#8217; os materiais em qualquer outro servidor.<\/p>\n<p><\/p>\n<p><\/p>\n<p>Esta licen\u00e7a ser\u00e1 automaticamente rescindida se voc\u00ea violar alguma dessas restri\u00e7\u00f5es e poder\u00e1 ser rescindida por LION Gestor a qualquer momento. Ao encerrar a visualiza\u00e7\u00e3o desses materiais ou ap\u00f3s o t\u00e9rmino desta licen\u00e7a, voc\u00ea deve apagar todos os materiais baixados em sua posse, seja em formato eletr\u00f4nico ou impresso.<\/p>\n<p><\/p>\n<p><\/p>\n<ol class=\"wp-block-list\" start=\"3\">\n<li style=\"list-style-type: none;\">\n<ol start=\"3\"><\/ol>\n<\/li>\n<\/ol>\n<p>\u00a0<\/p>\n<ol start=\"3\">\n<li style=\"list-style-type: none;\">\n<ol start=\"3\">\n<li>Isen\u00e7\u00e3o de responsabilidade<\/li>\n<\/ol>\n<\/li>\n<\/ol>\n<p><\/p>\n<p><\/p>\n<p><\/p>\n<p>Os materiais no site da LION Gestor s\u00e3o fornecidos &#8216;como est\u00e3o&#8217;. LION Gestor n\u00e3o oferece garantias, expressas ou impl\u00edcitas, e, por este meio, isenta e nega todas as outras garantias, incluindo, sem limita\u00e7\u00e3o, garantias impl\u00edcitas ou condi\u00e7\u00f5es de comercializa\u00e7\u00e3o, adequa\u00e7\u00e3o a um fim espec\u00edfico ou n\u00e3o viola\u00e7\u00e3o de propriedade intelectual ou outra viola\u00e7\u00e3o de direitos.<\/p>\n<p><\/p>\n<p><\/p>\n<p>Al\u00e9m disso, o LION Gestor n\u00e3o garante ou faz qualquer representa\u00e7\u00e3o relativa \u00e0 precis\u00e3o, aos resultados prov\u00e1veis ou \u00e0 confiabilidade do uso dos materiais em seu site ou de outra forma relacionado a esses materiais ou em sites vinculados a este site.<\/p>\n<p><\/p>\n<p><\/p>\n<ol class=\"wp-block-list\" start=\"4\">\n<li style=\"list-style-type: none;\">\n<ol start=\"4\"><\/ol>\n<\/li>\n<\/ol>\n<p>\u00a0<\/p>\n<ol start=\"4\">\n<li style=\"list-style-type: none;\">\n<ol start=\"4\">\n<li>Limita\u00e7\u00f5es<\/li>\n<\/ol>\n<\/li>\n<\/ol>\n<p><\/p>\n<p><\/p>\n<p><\/p>\n<p>Em nenhum caso o LION Gestor ou seus fornecedores ser\u00e3o respons\u00e1veis por quaisquer danos (incluindo, sem limita\u00e7\u00e3o, danos por perda de dados ou lucro ou devido a interrup\u00e7\u00e3o dos neg\u00f3cios) decorrentes do uso ou da incapacidade de usar os materiais em LION Gestor, mesmo que LION Gestor ou um representante autorizado da LION Gestor tenha sido notificado oralmente ou por escrito da possibilidade de tais danos. Como algumas jurisdi\u00e7\u00f5es n\u00e3o permitem limita\u00e7\u00f5es em garantias impl\u00edcitas, ou limita\u00e7\u00f5es de responsabilidade por danos consequentes ou incidentais, essas limita\u00e7\u00f5es podem n\u00e3o se aplicar a voc\u00ea.<\/p>\n<p><\/p>\n<p><\/p>\n<ol class=\"wp-block-list\" start=\"5\">\n<li style=\"list-style-type: none;\">\n<ol start=\"5\"><\/ol>\n<\/li>\n<\/ol>\n<p>\u00a0<\/p>\n<ol start=\"5\">\n<li style=\"list-style-type: none;\">\n<ol start=\"5\">\n<li>Precis\u00e3o dos materiais<\/li>\n<\/ol>\n<\/li>\n<\/ol>\n<p><\/p>\n<p><\/p>\n<p><\/p>\n<p>Os materiais exibidos no site da LION Gestor podem incluir erros t\u00e9cnicos, tipogr\u00e1ficos ou fotogr\u00e1ficos. LION Gestor n\u00e3o garante que qualquer material em seu site seja preciso, completo ou atual. LION Gestor pode fazer altera\u00e7\u00f5es nos materiais contidos em seu site a qualquer momento, sem aviso pr\u00e9vio. No entanto, LION Gestor n\u00e3o se compromete a atualizar os materiais.<\/p>\n<p><\/p>\n<p><\/p>\n<ol class=\"wp-block-list\" start=\"6\">\n<li style=\"list-style-type: none;\">\n<ol start=\"6\"><\/ol>\n<\/li>\n<\/ol>\n<p>\u00a0<\/p>\n<ol start=\"6\">\n<li style=\"list-style-type: none;\">\n<ol start=\"6\">\n<li>Links<\/li>\n<\/ol>\n<\/li>\n<\/ol>\n<p><\/p>\n<p><\/p>\n<p><\/p>\n<p>O LION Gestor n\u00e3o analisou todos os sites vinculados ao seu site e n\u00e3o \u00e9 respons\u00e1vel pelo conte\u00fado de nenhum site vinculado. A inclus\u00e3o de qualquer link n\u00e3o implica endosso por LION Gestor do site. O uso de qualquer site vinculado \u00e9 por conta e risco do usu\u00e1rio.<\/p>\n<p><\/p>\n<p><\/p>\n<p>Modifica\u00e7\u00f5es<\/p>\n<p><\/p>\n<p><\/p>\n<p>O LION Gestor pode revisar estes termos de servi\u00e7o do site a qualquer momento, sem aviso pr\u00e9vio. Ao usar este site, voc\u00ea concorda em ficar vinculado \u00e0 vers\u00e3o atual desses termos de servi\u00e7o.<\/p>\n<p><\/p>\n<p><\/p>\n<p>Lei aplic\u00e1vel<\/p>\n<p><\/p>\n<p><\/p>\n<p>Estes termos e condi\u00e7\u00f5es s\u00e3o regidos e interpretados de acordo com as leis vigente em rela\u00e7\u00e3o a LGPD e em conformidade com o LION Gestor<\/p>\n<p>Maiores informa\u00e7\u00f5es e esclarecimentos acerca de nossa pol\u00edtica de privacidade entrar em contato atrav\u00e9s da p\u00e1gina de contatos do site atrav\u00e9s do endere\u00e7o\u00a0<a style=\"font-family: inherit; font-style: inherit; font-weight: inherit; background-color: #ffffff;\" href=\"https:\/\/www.lidernetwork.com.br\/web\/?page_id=1309\">Contato \u2013 LIDERNetwork Tecnologia<\/a>\u00a0ou atrav\u00e9s de nossos canais de atendimento ao cliente.<\/p>\n<p><\/p>\t\t\t\t\t\t\t\t<\/div>\n\t\t\t\t<\/div>\n\t\t\t\t\t<\/div>\n\t\t<\/div>\n\t\t\t\t\t<\/div>\n\t\t<\/section>\n\t\t\t\t<\/div>\n\t\t","protected":false},"excerpt":{"rendered":"<p>Pol\u00edtica Privacidade A sua privacidade \u00e9 importante para\u00a0 a LIDERNetwork Tecnologia. \u00c9 nossa pol\u00edtica e tamb\u00e9m a do LION Gestor respeitar a sua privacidade em rela\u00e7\u00e3o a qualquer informa\u00e7\u00e3o sua que possamos coletar no site LION Gestor, e outros aplicativos &hellip; <a href=\"https:\/\/www.lidernetwork.com.br\/web\/?page_id=1274\">Read More<\/a><\/p>\n","protected":false},"author":2,"featured_media":0,"parent":0,"menu_order":0,"comment_status":"closed","ping_status":"open","template":"","meta":{"footnotes":""},"class_list":["post-1274","page","type-page","status-publish","hentry"],"_links":{"self":[{"href":"https:\/\/www.lidernetwork.com.br\/web\/index.php?rest_route=\/wp\/v2\/pages\/1274","targetHints":{"allow":["GET"]}}],"collection":[{"href":"https:\/\/www.lidernetwork.com.br\/web\/index.php?rest_route=\/wp\/v2\/pages"}],"about":[{"href":"https:\/\/www.lidernetwork.com.br\/web\/index.php?rest_route=\/wp\/v2\/types\/page"}],"author":[{"embeddable":true,"href":"https:\/\/www.lidernetwork.com.br\/web\/index.php?rest_route=\/wp\/v2\/users\/2"}],"replies":[{"embeddable":true,"href":"https:\/\/www.lidernetwork.com.br\/web\/index.php?rest_route=%2Fwp%2Fv2%2Fcomments&post=1274"}],"version-history":[{"count":12,"href":"https:\/\/www.lidernetwork.com.br\/web\/index.php?rest_route=\/wp\/v2\/pages\/1274\/revisions"}],"predecessor-version":[{"id":2481,"href":"https:\/\/www.lidernetwork.com.br\/web\/index.php?rest_route=\/wp\/v2\/pages\/1274\/revisions\/2481"}],"wp:attachment":[{"href":"https:\/\/www.lidernetwork.com.br\/web\/index.php?rest_route=%2Fwp%2Fv2%2Fmedia&parent=1274"}],"curies":[{"name":"wp","href":"https:\/\/api.w.org\/{rel}","templated":true}]}}