{"id":1406,"date":"2023-10-04T18:41:30","date_gmt":"2023-10-04T18:41:30","guid":{"rendered":"https:\/\/lidernetwork.com.br\/web\/?page_id=1406"},"modified":"2023-11-06T13:05:04","modified_gmt":"2023-11-06T13:05:04","slug":"sistema-erp-para-varejo","status":"publish","type":"page","link":"https:\/\/www.lidernetwork.com.br\/web\/?page_id=1406","title":{"rendered":"Sistema ERP para Varejo"},"content":{"rendered":"\t\t<div data-elementor-type=\"wp-page\" data-elementor-id=\"1406\" class=\"elementor elementor-1406\" data-elementor-post-type=\"page\">\n\t\t\t\t\t\t<section class=\"elementor-section elementor-top-section elementor-element elementor-element-f7d50bd elementor-section-boxed elementor-section-height-default elementor-section-height-default\" data-id=\"f7d50bd\" data-element_type=\"section\" data-settings=\"{&quot;background_background&quot;:&quot;classic&quot;}\">\n\t\t\t\t\t\t<div class=\"elementor-container elementor-column-gap-default\">\n\t\t\t\t\t<div class=\"elementor-column elementor-col-100 elementor-top-column elementor-element elementor-element-fabe504\" data-id=\"fabe504\" data-element_type=\"column\">\n\t\t\t<div class=\"elementor-widget-wrap elementor-element-populated\">\n\t\t\t\t\t\t<div class=\"elementor-element elementor-element-76ff74d elementor-widget elementor-widget-spacer\" data-id=\"76ff74d\" data-element_type=\"widget\" data-widget_type=\"spacer.default\">\n\t\t\t\t<div class=\"elementor-widget-container\">\n\t\t\t\t\t\t\t<div class=\"elementor-spacer\">\n\t\t\t<div class=\"elementor-spacer-inner\"><\/div>\n\t\t<\/div>\n\t\t\t\t\t\t<\/div>\n\t\t\t\t<\/div>\n\t\t\t\t\t<\/div>\n\t\t<\/div>\n\t\t\t\t\t<\/div>\n\t\t<\/section>\n\t\t\t\t<section class=\"elementor-section elementor-top-section elementor-element elementor-element-2fd4d32 elementor-section-boxed elementor-section-height-default elementor-section-height-default\" data-id=\"2fd4d32\" data-element_type=\"section\" data-settings=\"{&quot;background_background&quot;:&quot;classic&quot;}\">\n\t\t\t\t\t\t<div class=\"elementor-container elementor-column-gap-default\">\n\t\t\t\t\t<div class=\"elementor-column elementor-col-50 elementor-top-column elementor-element elementor-element-cc2019d\" data-id=\"cc2019d\" data-element_type=\"column\">\n\t\t\t<div class=\"elementor-widget-wrap\">\n\t\t\t\t\t\t\t<\/div>\n\t\t<\/div>\n\t\t\t\t<div class=\"elementor-column elementor-col-50 elementor-top-column elementor-element elementor-element-2ae8b99\" data-id=\"2ae8b99\" data-element_type=\"column\">\n\t\t\t<div class=\"elementor-widget-wrap elementor-element-populated\">\n\t\t\t\t\t\t<div class=\"elementor-element elementor-element-e3af772 elementor-widget elementor-widget-spacer\" data-id=\"e3af772\" data-element_type=\"widget\" data-widget_type=\"spacer.default\">\n\t\t\t\t<div class=\"elementor-widget-container\">\n\t\t\t\t\t\t\t<div class=\"elementor-spacer\">\n\t\t\t<div class=\"elementor-spacer-inner\"><\/div>\n\t\t<\/div>\n\t\t\t\t\t\t<\/div>\n\t\t\t\t<\/div>\n\t\t\t\t<div class=\"elementor-element elementor-element-bacc425 elementor-invisible elementor-widget elementor-widget-image\" data-id=\"bacc425\" data-element_type=\"widget\" data-settings=\"{&quot;_animation&quot;:&quot;slideInUp&quot;}\" data-widget_type=\"image.default\">\n\t\t\t\t<div class=\"elementor-widget-container\">\n\t\t\t\t\t\t\t\t\t\t\t\t\t\t\t<img decoding=\"async\" src=\"https:\/\/www.lidernetwork.com.br\/web\/wp-content\/uploads\/2023\/10\/logo-lider-PDV.svg\" class=\"attachment-full size-full wp-image-1407\" alt=\"\" \/>\t\t\t\t\t\t\t\t\t\t\t\t\t\t\t<\/div>\n\t\t\t\t<\/div>\n\t\t\t\t<div class=\"elementor-element elementor-element-22f0334 elementor-widget elementor-widget-spacer\" data-id=\"22f0334\" data-element_type=\"widget\" data-widget_type=\"spacer.default\">\n\t\t\t\t<div class=\"elementor-widget-container\">\n\t\t\t\t\t\t\t<div class=\"elementor-spacer\">\n\t\t\t<div class=\"elementor-spacer-inner\"><\/div>\n\t\t<\/div>\n\t\t\t\t\t\t<\/div>\n\t\t\t\t<\/div>\n\t\t\t\t\t<\/div>\n\t\t<\/div>\n\t\t\t\t\t<\/div>\n\t\t<\/section>\n\t\t\t\t<section class=\"elementor-section elementor-top-section elementor-element elementor-element-7bf9ce8 elementor-section-boxed elementor-section-height-default elementor-section-height-default\" data-id=\"7bf9ce8\" data-element_type=\"section\">\n\t\t\t\t\t\t<div class=\"elementor-container elementor-column-gap-default\">\n\t\t\t\t\t<div class=\"elementor-column elementor-col-100 elementor-top-column elementor-element elementor-element-21615ff\" data-id=\"21615ff\" data-element_type=\"column\">\n\t\t\t<div class=\"elementor-widget-wrap elementor-element-populated\">\n\t\t\t\t\t\t<div class=\"elementor-element elementor-element-b40b5e7 elementor-widget elementor-widget-html\" data-id=\"b40b5e7\" data-element_type=\"widget\" data-widget_type=\"html.default\">\n\t\t\t\t<div class=\"elementor-widget-container\">\n\t\t\t\t\t<style>\n .ic {\n     padding-left: 25px;\n     position: relative;\n }\n \n .ic:before {\n     content: \"\";\n     width: 20px;\n     height: 20px;\n     position: absolute;\n     background: url(https:\/\/lidernetwork.com.br\/web\/wp-content\/uploads\/2023\/09\/icon1.webp) top center no-repeat;\n     background-size: contain;\n     top: 5px;\n     left: 0;\n }\n \n  .ic-alt {\n     padding-left: 25px;\n     position: relative;\n }\n \n .ic-alt:before {\n     content: \"\";\n     width: 20px;\n     height: 20px;\n     position: absolute;\n     background: url(https:\/\/lidernetwork.com.br\/web\/wp-content\/uploads\/2023\/09\/icon2.webp    ) top center no-repeat;\n     background-size: contain;\n     top: 5px;\n     left: 0;\n }\n \n p {padding-bottom: 15px;}\n<\/style>\t\t\t\t<\/div>\n\t\t\t\t<\/div>\n\t\t\t\t\t<\/div>\n\t\t<\/div>\n\t\t\t\t\t<\/div>\n\t\t<\/section>\n\t\t\t\t<section class=\"elementor-section elementor-top-section elementor-element elementor-element-c46bf6e elementor-section-boxed elementor-section-height-default elementor-section-height-default\" data-id=\"c46bf6e\" data-element_type=\"section\">\n\t\t\t\t\t\t<div class=\"elementor-container elementor-column-gap-default\">\n\t\t\t\t\t<div class=\"elementor-column elementor-col-50 elementor-top-column elementor-element elementor-element-74a03e4\" data-id=\"74a03e4\" data-element_type=\"column\">\n\t\t\t<div class=\"elementor-widget-wrap elementor-element-populated\">\n\t\t\t\t\t\t<div class=\"elementor-element elementor-element-25af67f elementor-invisible elementor-widget elementor-widget-image\" data-id=\"25af67f\" data-element_type=\"widget\" data-settings=\"{&quot;_animation&quot;:&quot;slideInUp&quot;,&quot;_animation_delay&quot;:0.5}\" data-widget_type=\"image.default\">\n\t\t\t\t<div class=\"elementor-widget-container\">\n\t\t\t\t\t\t\t\t\t\t\t\t\t\t\t<img fetchpriority=\"high\" decoding=\"async\" width=\"500\" height=\"664\" src=\"https:\/\/www.lidernetwork.com.br\/web\/wp-content\/uploads\/2023\/10\/imagem2-monitor.webp\" class=\"attachment-large size-large wp-image-1403\" alt=\"\" srcset=\"https:\/\/www.lidernetwork.com.br\/web\/wp-content\/uploads\/2023\/10\/imagem2-monitor.webp 500w, https:\/\/www.lidernetwork.com.br\/web\/wp-content\/uploads\/2023\/10\/imagem2-monitor-226x300.webp 226w, https:\/\/www.lidernetwork.com.br\/web\/wp-content\/uploads\/2023\/10\/imagem2-monitor-75x100.webp 75w, https:\/\/www.lidernetwork.com.br\/web\/wp-content\/uploads\/2023\/10\/imagem2-monitor-60x80.webp 60w, https:\/\/www.lidernetwork.com.br\/web\/wp-content\/uploads\/2023\/10\/imagem2-monitor-228x303.webp 228w\" sizes=\"(max-width: 500px) 100vw, 500px\" \/>\t\t\t\t\t\t\t\t\t\t\t\t\t\t\t<\/div>\n\t\t\t\t<\/div>\n\t\t\t\t\t<\/div>\n\t\t<\/div>\n\t\t\t\t<div class=\"elementor-column elementor-col-50 elementor-top-column elementor-element elementor-element-c3fd9e5\" data-id=\"c3fd9e5\" data-element_type=\"column\">\n\t\t\t<div class=\"elementor-widget-wrap elementor-element-populated\">\n\t\t\t\t\t\t<div class=\"elementor-element elementor-element-d02a6f6 elementor-invisible elementor-widget elementor-widget-text-editor\" data-id=\"d02a6f6\" data-element_type=\"widget\" data-settings=\"{&quot;_animation&quot;:&quot;slideInUp&quot;,&quot;_animation_delay&quot;:0.3}\" data-widget_type=\"text-editor.default\">\n\t\t\t\t<div class=\"elementor-widget-container\">\n\t\t\t\t\t\t\t\t\t<p><strong>Um sistema completo para voc\u00ea gerenciar as suas vendas<\/strong><\/p>\t\t\t\t\t\t\t\t<\/div>\n\t\t\t\t<\/div>\n\t\t\t\t<div class=\"elementor-element elementor-element-a59b70c elementor-invisible elementor-widget elementor-widget-text-editor\" data-id=\"a59b70c\" data-element_type=\"widget\" data-settings=\"{&quot;_animation&quot;:&quot;slideInUp&quot;,&quot;_animation_delay&quot;:0.5}\" data-widget_type=\"text-editor.default\">\n\t\t\t\t<div class=\"elementor-widget-container\">\n\t\t\t\t\t\t\t\t\t<p>Imagine saber exatamente o que foi vendido em tempo real de onde voc\u00ea estiver? Com o Sistema LIDERPDV voc\u00ea tem um painel Dashboard com gr\u00e1ficos e m\u00e9tricas de gest\u00e3o completo com faturamento por formas de pagamentos, produtos, grupos de produtos mais vendidos e muito mais.<\/p>\t\t\t\t\t\t\t\t<\/div>\n\t\t\t\t<\/div>\n\t\t\t\t<div class=\"elementor-element elementor-element-f6031e3 elementor-invisible elementor-widget elementor-widget-text-editor\" data-id=\"f6031e3\" data-element_type=\"widget\" data-settings=\"{&quot;_animation&quot;:&quot;slideInUp&quot;,&quot;_animation_delay&quot;:0.7}\" data-widget_type=\"text-editor.default\">\n\t\t\t\t<div class=\"elementor-widget-container\">\n\t\t\t\t\t\t\t\t\t<p class=\"ic\">Rotinas de r\u00e1pida adapta\u00e7\u00e3o<\/p>\n<p class=\"ic-alt\">M\u00f3dulo CheckExpress integrado com os principais equipamentos do mercado<\/p>\n<p class=\"ic\">Integra\u00e7\u00e3o com PIX e principais carteiras digitais do mercado<\/p>\t\t\t\t\t\t\t\t<\/div>\n\t\t\t\t<\/div>\n\t\t\t\t\t<\/div>\n\t\t<\/div>\n\t\t\t\t\t<\/div>\n\t\t<\/section>\n\t\t\t\t<section class=\"elementor-section elementor-top-section elementor-element elementor-element-9681114 elementor-section-boxed elementor-section-height-default elementor-section-height-default\" data-id=\"9681114\" data-element_type=\"section\" data-settings=\"{&quot;background_background&quot;:&quot;classic&quot;}\">\n\t\t\t\t\t\t<div class=\"elementor-container elementor-column-gap-default\">\n\t\t\t\t\t<div class=\"elementor-column elementor-col-100 elementor-top-column elementor-element elementor-element-78df831\" data-id=\"78df831\" data-element_type=\"column\">\n\t\t\t<div class=\"elementor-widget-wrap elementor-element-populated\">\n\t\t\t\t\t\t<div class=\"elementor-element elementor-element-40fdb51 elementor-invisible elementor-widget elementor-widget-image\" data-id=\"40fdb51\" data-element_type=\"widget\" data-settings=\"{&quot;_animation&quot;:&quot;fadeInUp&quot;}\" data-widget_type=\"image.default\">\n\t\t\t\t<div class=\"elementor-widget-container\">\n\t\t\t\t\t\t\t\t\t\t\t\t\t\t\t<img decoding=\"async\" src=\"https:\/\/www.lidernetwork.com.br\/web\/wp-content\/uploads\/2023\/10\/icones.svg\" class=\"attachment-full size-full wp-image-1420\" alt=\"\" \/>\t\t\t\t\t\t\t\t\t\t\t\t\t\t\t<\/div>\n\t\t\t\t<\/div>\n\t\t\t\t\t<\/div>\n\t\t<\/div>\n\t\t\t\t\t<\/div>\n\t\t<\/section>\n\t\t\t\t<section class=\"elementor-section elementor-top-section elementor-element elementor-element-dda2bac elementor-section-boxed elementor-section-height-default elementor-section-height-default\" data-id=\"dda2bac\" data-element_type=\"section\" data-settings=\"{&quot;background_background&quot;:&quot;classic&quot;}\">\n\t\t\t\t\t\t<div class=\"elementor-container elementor-column-gap-default\">\n\t\t\t\t\t<div class=\"elementor-column elementor-col-100 elementor-top-column elementor-element elementor-element-1ff0d8e\" data-id=\"1ff0d8e\" data-element_type=\"column\">\n\t\t\t<div class=\"elementor-widget-wrap elementor-element-populated\">\n\t\t\t\t\t\t<div class=\"elementor-element elementor-element-141a934 elementor-widget elementor-widget-spacer\" data-id=\"141a934\" data-element_type=\"widget\" data-widget_type=\"spacer.default\">\n\t\t\t\t<div class=\"elementor-widget-container\">\n\t\t\t\t\t\t\t<div class=\"elementor-spacer\">\n\t\t\t<div class=\"elementor-spacer-inner\"><\/div>\n\t\t<\/div>\n\t\t\t\t\t\t<\/div>\n\t\t\t\t<\/div>\n\t\t\t\t<div class=\"elementor-element elementor-element-58810c4 elementor-invisible elementor-widget elementor-widget-heading\" data-id=\"58810c4\" data-element_type=\"widget\" data-settings=\"{&quot;_animation&quot;:&quot;fadeInUp&quot;}\" data-widget_type=\"heading.default\">\n\t\t\t\t<div class=\"elementor-widget-container\">\n\t\t\t\t\t<span class=\"elementor-heading-title elementor-size-xl\">Tenha mais tempo para o seu neg\u00f3cio usando um sistema completo e personaliz\u00e1vel<\/span>\t\t\t\t<\/div>\n\t\t\t\t<\/div>\n\t\t\t\t\t<\/div>\n\t\t<\/div>\n\t\t\t\t\t<\/div>\n\t\t<\/section>\n\t\t\t\t<section class=\"elementor-section elementor-top-section elementor-element elementor-element-e7a0b23 elementor-section-boxed elementor-section-height-default elementor-section-height-default\" data-id=\"e7a0b23\" data-element_type=\"section\" data-settings=\"{&quot;background_background&quot;:&quot;classic&quot;}\">\n\t\t\t\t\t\t<div class=\"elementor-container elementor-column-gap-default\">\n\t\t\t\t\t<div class=\"elementor-column elementor-col-50 elementor-top-column elementor-element elementor-element-4f75a59\" data-id=\"4f75a59\" data-element_type=\"column\">\n\t\t\t<div class=\"elementor-widget-wrap elementor-element-populated\">\n\t\t\t\t\t\t<div class=\"elementor-element elementor-element-37288ec elementor-widget elementor-widget-spacer\" data-id=\"37288ec\" data-element_type=\"widget\" data-widget_type=\"spacer.default\">\n\t\t\t\t<div class=\"elementor-widget-container\">\n\t\t\t\t\t\t\t<div class=\"elementor-spacer\">\n\t\t\t<div class=\"elementor-spacer-inner\"><\/div>\n\t\t<\/div>\n\t\t\t\t\t\t<\/div>\n\t\t\t\t<\/div>\n\t\t\t\t<div class=\"elementor-element elementor-element-00857fb elementor-invisible elementor-widget elementor-widget-image\" data-id=\"00857fb\" data-element_type=\"widget\" data-settings=\"{&quot;_animation&quot;:&quot;fadeInUp&quot;,&quot;_animation_delay&quot;:0.3}\" data-widget_type=\"image.default\">\n\t\t\t\t<div class=\"elementor-widget-container\">\n\t\t\t\t\t\t\t\t\t\t\t\t\t\t\t<img decoding=\"async\" src=\"https:\/\/www.lidernetwork.com.br\/web\/wp-content\/uploads\/2023\/10\/seguranca.svg\" class=\"attachment-full size-full wp-image-1405\" alt=\"\" \/>\t\t\t\t\t\t\t\t\t\t\t\t\t\t\t<\/div>\n\t\t\t\t<\/div>\n\t\t\t\t<div class=\"elementor-element elementor-element-8ecf6c6 elementor-invisible elementor-widget elementor-widget-image\" data-id=\"8ecf6c6\" data-element_type=\"widget\" data-settings=\"{&quot;_animation&quot;:&quot;fadeInUp&quot;,&quot;_animation_delay&quot;:0.7}\" data-widget_type=\"image.default\">\n\t\t\t\t<div class=\"elementor-widget-container\">\n\t\t\t\t\t\t\t\t\t\t\t\t\t\t\t<img decoding=\"async\" src=\"https:\/\/www.lidernetwork.com.br\/web\/wp-content\/uploads\/2023\/10\/financeiro.svg\" class=\"attachment-full size-full wp-image-1449\" alt=\"\" \/>\t\t\t\t\t\t\t\t\t\t\t\t\t\t\t<\/div>\n\t\t\t\t<\/div>\n\t\t\t\t\t<\/div>\n\t\t<\/div>\n\t\t\t\t<div class=\"elementor-column elementor-col-50 elementor-top-column elementor-element elementor-element-0bb0859\" data-id=\"0bb0859\" data-element_type=\"column\">\n\t\t\t<div class=\"elementor-widget-wrap elementor-element-populated\">\n\t\t\t\t\t\t<div class=\"elementor-element elementor-element-18fbb25 elementor-widget elementor-widget-spacer\" data-id=\"18fbb25\" data-element_type=\"widget\" data-widget_type=\"spacer.default\">\n\t\t\t\t<div class=\"elementor-widget-container\">\n\t\t\t\t\t\t\t<div class=\"elementor-spacer\">\n\t\t\t<div class=\"elementor-spacer-inner\"><\/div>\n\t\t<\/div>\n\t\t\t\t\t\t<\/div>\n\t\t\t\t<\/div>\n\t\t\t\t<div class=\"elementor-element elementor-element-d23759f elementor-invisible elementor-widget elementor-widget-image\" data-id=\"d23759f\" data-element_type=\"widget\" data-settings=\"{&quot;_animation&quot;:&quot;fadeInUp&quot;,&quot;_animation_delay&quot;:0.5}\" data-widget_type=\"image.default\">\n\t\t\t\t<div class=\"elementor-widget-container\">\n\t\t\t\t\t\t\t\t\t\t\t\t\t\t\t<img decoding=\"async\" src=\"https:\/\/www.lidernetwork.com.br\/web\/wp-content\/uploads\/2023\/10\/legislacao.svg\" class=\"attachment-full size-full wp-image-1409\" alt=\"\" \/>\t\t\t\t\t\t\t\t\t\t\t\t\t\t\t<\/div>\n\t\t\t\t<\/div>\n\t\t\t\t<div class=\"elementor-element elementor-element-91a73f9 elementor-invisible elementor-widget elementor-widget-image\" data-id=\"91a73f9\" data-element_type=\"widget\" data-settings=\"{&quot;_animation&quot;:&quot;fadeInUp&quot;,&quot;_animation_delay&quot;:0.9}\" data-widget_type=\"image.default\">\n\t\t\t\t<div class=\"elementor-widget-container\">\n\t\t\t\t\t\t\t\t\t\t\t\t\t\t\t<img decoding=\"async\" src=\"https:\/\/www.lidernetwork.com.br\/web\/wp-content\/uploads\/2023\/10\/diferenciais.svg\" class=\"attachment-full size-full wp-image-1451\" alt=\"\" \/>\t\t\t\t\t\t\t\t\t\t\t\t\t\t\t<\/div>\n\t\t\t\t<\/div>\n\t\t\t\t\t<\/div>\n\t\t<\/div>\n\t\t\t\t\t<\/div>\n\t\t<\/section>\n\t\t\t\t<section class=\"elementor-section elementor-top-section elementor-element elementor-element-dd56490 elementor-section-boxed elementor-section-height-default elementor-section-height-default\" data-id=\"dd56490\" data-element_type=\"section\">\n\t\t\t\t\t\t<div class=\"elementor-container elementor-column-gap-default\">\n\t\t\t\t\t<div class=\"elementor-column elementor-col-66 elementor-top-column elementor-element elementor-element-73c0aea\" data-id=\"73c0aea\" data-element_type=\"column\">\n\t\t\t<div class=\"elementor-widget-wrap elementor-element-populated\">\n\t\t\t\t\t\t<div class=\"elementor-element elementor-element-2bee0d2 elementor-widget elementor-widget-spacer\" data-id=\"2bee0d2\" data-element_type=\"widget\" data-widget_type=\"spacer.default\">\n\t\t\t\t<div class=\"elementor-widget-container\">\n\t\t\t\t\t\t\t<div class=\"elementor-spacer\">\n\t\t\t<div class=\"elementor-spacer-inner\"><\/div>\n\t\t<\/div>\n\t\t\t\t\t\t<\/div>\n\t\t\t\t<\/div>\n\t\t\t\t<div class=\"elementor-element elementor-element-0352f21 elementor-invisible elementor-widget elementor-widget-heading\" data-id=\"0352f21\" data-element_type=\"widget\" data-settings=\"{&quot;_animation&quot;:&quot;slideInUp&quot;,&quot;_animation_delay&quot;:0.3}\" data-widget_type=\"heading.default\">\n\t\t\t\t<div class=\"elementor-widget-container\">\n\t\t\t\t\t<h1 class=\"elementor-heading-title elementor-size-xxl\">LION STOCK<\/h1>\t\t\t\t<\/div>\n\t\t\t\t<\/div>\n\t\t\t\t<div class=\"elementor-element elementor-element-22da5b5 elementor-invisible elementor-widget elementor-widget-heading\" data-id=\"22da5b5\" data-element_type=\"widget\" data-settings=\"{&quot;_animation&quot;:&quot;fadeInUp&quot;,&quot;_animation_delay&quot;:0.5}\" data-widget_type=\"heading.default\">\n\t\t\t\t<div class=\"elementor-widget-container\">\n\t\t\t\t\t<h3 class=\"elementor-heading-title elementor-size-default\">A solu\u00e7\u00e3o completa para gerenciar seu balan\u00e7o e estoque<\/h3>\t\t\t\t<\/div>\n\t\t\t\t<\/div>\n\t\t\t\t<div class=\"elementor-element elementor-element-3741716 elementor-invisible elementor-widget elementor-widget-text-editor\" data-id=\"3741716\" data-element_type=\"widget\" data-settings=\"{&quot;_animation&quot;:&quot;slideInUp&quot;,&quot;_animation_delay&quot;:0.5}\" data-widget_type=\"text-editor.default\">\n\t\t\t\t<div class=\"elementor-widget-container\">\n\t\t\t\t\t\t\t\t\t<p class=\"ic\">Realiza balan\u00e7o de estoque da empresa sem precisar parar as suas vendas\n<\/p>\n<p class=\"ic-alt\">Integrado ao L\u00cdDER GERENCIAL<\/p>\n<p class=\"ic\">Aplicativo para registro de invent\u00e1rio<\/p>\n<p class=\"ic-alt\">Permite digita\u00e7\u00e3o de c\u00f3digos, possibilita o uso de c\u00f3digo\u00a0de\u00a0barras.<\/p>\t\t\t\t\t\t\t\t<\/div>\n\t\t\t\t<\/div>\n\t\t\t\t\t<\/div>\n\t\t<\/div>\n\t\t\t\t<div class=\"elementor-column elementor-col-33 elementor-top-column elementor-element elementor-element-abfc7e4\" data-id=\"abfc7e4\" data-element_type=\"column\">\n\t\t\t<div class=\"elementor-widget-wrap elementor-element-populated\">\n\t\t\t\t\t\t<div class=\"elementor-element elementor-element-17d143d elementor-widget elementor-widget-spacer\" data-id=\"17d143d\" data-element_type=\"widget\" data-widget_type=\"spacer.default\">\n\t\t\t\t<div class=\"elementor-widget-container\">\n\t\t\t\t\t\t\t<div class=\"elementor-spacer\">\n\t\t\t<div class=\"elementor-spacer-inner\"><\/div>\n\t\t<\/div>\n\t\t\t\t\t\t<\/div>\n\t\t\t\t<\/div>\n\t\t\t\t<div class=\"elementor-element elementor-element-1ebacef elementor-invisible elementor-widget elementor-widget-image\" data-id=\"1ebacef\" data-element_type=\"widget\" data-settings=\"{&quot;_animation&quot;:&quot;fadeInUp&quot;}\" data-widget_type=\"image.default\">\n\t\t\t\t<div class=\"elementor-widget-container\">\n\t\t\t\t\t\t\t\t\t\t\t\t\t\t\t<img decoding=\"async\" width=\"600\" height=\"544\" src=\"https:\/\/www.lidernetwork.com.br\/web\/wp-content\/uploads\/2023\/10\/imagem3-lion.webp\" class=\"attachment-large size-large wp-image-1404\" alt=\"\" srcset=\"https:\/\/www.lidernetwork.com.br\/web\/wp-content\/uploads\/2023\/10\/imagem3-lion.webp 600w, https:\/\/www.lidernetwork.com.br\/web\/wp-content\/uploads\/2023\/10\/imagem3-lion-300x272.webp 300w, https:\/\/www.lidernetwork.com.br\/web\/wp-content\/uploads\/2023\/10\/imagem3-lion-110x100.webp 110w, https:\/\/www.lidernetwork.com.br\/web\/wp-content\/uploads\/2023\/10\/imagem3-lion-88x80.webp 88w, https:\/\/www.lidernetwork.com.br\/web\/wp-content\/uploads\/2023\/10\/imagem3-lion-334x303.webp 334w\" sizes=\"(max-width: 600px) 100vw, 600px\" \/>\t\t\t\t\t\t\t\t\t\t\t\t\t\t\t<\/div>\n\t\t\t\t<\/div>\n\t\t\t\t\t<\/div>\n\t\t<\/div>\n\t\t\t\t\t<\/div>\n\t\t<\/section>\n\t\t\t\t<\/div>\n\t\t","protected":false},"excerpt":{"rendered":"<p>Um sistema completo para voc\u00ea gerenciar as suas vendas Imagine saber exatamente o que foi vendido em tempo real de onde voc\u00ea estiver? Com o Sistema LIDERPDV voc\u00ea tem um painel Dashboard com gr\u00e1ficos e m\u00e9tricas de gest\u00e3o completo com &hellip; <a href=\"https:\/\/www.lidernetwork.com.br\/web\/?page_id=1406\">Read More<\/a><\/p>\n","protected":false},"author":3,"featured_media":0,"parent":0,"menu_order":0,"comment_status":"closed","ping_status":"closed","template":"","meta":{"footnotes":""},"class_list":["post-1406","page","type-page","status-publish","hentry"],"_links":{"self":[{"href":"https:\/\/www.lidernetwork.com.br\/web\/index.php?rest_route=\/wp\/v2\/pages\/1406","targetHints":{"allow":["GET"]}}],"collection":[{"href":"https:\/\/www.lidernetwork.com.br\/web\/index.php?rest_route=\/wp\/v2\/pages"}],"about":[{"href":"https:\/\/www.lidernetwork.com.br\/web\/index.php?rest_route=\/wp\/v2\/types\/page"}],"author":[{"embeddable":true,"href":"https:\/\/www.lidernetwork.com.br\/web\/index.php?rest_route=\/wp\/v2\/users\/3"}],"replies":[{"embeddable":true,"href":"https:\/\/www.lidernetwork.com.br\/web\/index.php?rest_route=%2Fwp%2Fv2%2Fcomments&post=1406"}],"version-history":[{"count":44,"href":"https:\/\/www.lidernetwork.com.br\/web\/index.php?rest_route=\/wp\/v2\/pages\/1406\/revisions"}],"predecessor-version":[{"id":1662,"href":"https:\/\/www.lidernetwork.com.br\/web\/index.php?rest_route=\/wp\/v2\/pages\/1406\/revisions\/1662"}],"wp:attachment":[{"href":"https:\/\/www.lidernetwork.com.br\/web\/index.php?rest_route=%2Fwp%2Fv2%2Fmedia&parent=1406"}],"curies":[{"name":"wp","href":"https:\/\/api.w.org\/{rel}","templated":true}]}}