{"id":1463,"date":"2023-10-11T21:10:39","date_gmt":"2023-10-11T21:10:39","guid":{"rendered":"https:\/\/lidernetwork.com.br\/web\/?page_id=1463"},"modified":"2023-11-06T13:20:45","modified_gmt":"2023-11-06T13:20:45","slug":"certificacao-digital","status":"publish","type":"page","link":"https:\/\/www.lidernetwork.com.br\/web\/?page_id=1463","title":{"rendered":"Certifica\u00e7\u00e3o Digital"},"content":{"rendered":"\t\t<div data-elementor-type=\"wp-page\" data-elementor-id=\"1463\" class=\"elementor elementor-1463\" data-elementor-post-type=\"page\">\n\t\t\t\t\t\t<section class=\"elementor-section elementor-top-section elementor-element elementor-element-f6e9062 elementor-section-boxed elementor-section-height-default elementor-section-height-default\" data-id=\"f6e9062\" data-element_type=\"section\" data-settings=\"{&quot;background_background&quot;:&quot;classic&quot;}\">\n\t\t\t\t\t\t<div class=\"elementor-container elementor-column-gap-default\">\n\t\t\t\t\t<div class=\"elementor-column elementor-col-100 elementor-top-column elementor-element elementor-element-92549e8\" data-id=\"92549e8\" data-element_type=\"column\">\n\t\t\t<div class=\"elementor-widget-wrap elementor-element-populated\">\n\t\t\t\t\t\t<div class=\"elementor-element elementor-element-3486877 elementor-widget elementor-widget-themo-slider\" data-id=\"3486877\" data-element_type=\"widget\" data-widget_type=\"themo-slider.default\">\n\t\t\t\t<div class=\"elementor-widget-container\">\n\t\t\t\t\t\n\t\t<div id=\"main-flex-slider\" class=\"flexslider\">\n\t\t\t<ul class=\"slides\">\n\t\t\t\t\n                    \n                    \n\t\t\t\t\t\t\t\t\t\t                    \n                    <li class=\"elementor-repeater-item-2bf6810\">\n\t\t\t\t\t\t<div class=\"slider-bg slide-cal-center \">\n                            <div class=\"th-slide-wrap has-image-bg\">\n                                <div class=\"th-slide-inner  th-left\">\n                                    <div class=\"th-slide-content\">\n                                                                                    <h1 class=\"slider-title\">E-CNPJ<\/h1>\n                                        \n                                                                                    <div class=\"slider-subtitle\">\n                                                <p>Certificado Digital<\/p>\n                                            <\/div>\n                                                                                \n                                        \n                                                                                                                                                                            \n                                            <div><\/div>                                                                            <\/div>\n                                <\/div>\n\t\t\t\t\t\t\t<\/div>\n\t\t\t\t\t\t<\/div>\n\t\t\t\t\t<\/li>\n\t\t\t\t\n                    \n                    \n\t\t\t\t\t\t\t\t\t\t                    \n                    <li class=\"elementor-repeater-item-d3295b9\">\n\t\t\t\t\t\t<div class=\"slider-bg slide-cal-center  \">\n                            <div class=\"th-slide-wrap has-image-bg th-slide-wrap has-image-bg\">\n                                <div class=\"th-slide-inner  th-left\">\n                                    <div class=\"th-slide-content\">\n                                                                                    <h1 class=\"slider-title\">L\u00edder Network Certificadora<\/h1>\n                                        \n                                                                                    <div class=\"slider-subtitle\">\n                                                <p>Melhor experi\u00eancia para voc\u00ea<\/p>\n                                            <\/div>\n                                                                                \n                                        \n                                                                                                                                                                            \n                                            <div><\/div>                                                                            <\/div>\n                                <\/div>\n\t\t\t\t\t\t\t<\/div>\n\t\t\t\t\t\t<\/div>\n\t\t\t\t\t<\/li>\n\t\t\t\t\n                    \n                    \n\t\t\t\t\t\t\t\t\t\t                    \n                    <li class=\"elementor-repeater-item-9ce2e8c\">\n\t\t\t\t\t\t<div class=\"slider-bg slide-cal-center   \">\n                            <div class=\"th-slide-wrap has-image-bg th-slide-wrap has-image-bg th-slide-wrap has-image-bg\">\n                                <div class=\"th-slide-inner  th-left\">\n                                    <div class=\"th-slide-content\">\n                                                                                    <h1 class=\"slider-title\">E-CPF<\/h1>\n                                        \n                                                                                    <div class=\"slider-subtitle\">\n                                                <p>Venha conferir<\/p>\n                                            <\/div>\n                                                                                \n                                        \n                                                                                                                                                                            \n                                            <div><\/div>                                                                            <\/div>\n                                <\/div>\n\t\t\t\t\t\t\t<\/div>\n\t\t\t\t\t\t<\/div>\n\t\t\t\t\t<\/li>\n\t\t\t\t\t\t\t<\/ul>\n\n\t\t\t\t\t<\/div>\n\n\t\t<script>\n\t\t\tjQuery( function ( $ ) {\n\n\t\t\t\tthemo_start_flex_slider(\n\t\t\t\t\t'.flexslider',\n                    false,\n\t\t\t\t\t'fade',\n\t\t\t\t\t'swing',\n\t\t\t\t\ttrue,\n\t\t\t\t\ttrue,\n\t\t\t\t\t4000,\n\t\t\t\t\t550,\n\t\t\t\t\tfalse,\n\t\t\t\t\ttrue,\n\t\t\t\t\ttrue,\n\t\t\t\t\ttrue,\n\t\t\t\t\tfalse\t\t\t\t);\n\t\t\t} );\n\t\t<\/script>\n\t\t\t\t\t\t<\/div>\n\t\t\t\t<\/div>\n\t\t\t\t\t<\/div>\n\t\t<\/div>\n\t\t\t\t\t<\/div>\n\t\t<\/section>\n\t\t\t\t<section class=\"elementor-section elementor-top-section elementor-element elementor-element-fae817a elementor-section-boxed elementor-section-height-default elementor-section-height-default\" data-id=\"fae817a\" data-element_type=\"section\">\n\t\t\t\t\t\t<div class=\"elementor-container elementor-column-gap-default\">\n\t\t\t\t\t<div class=\"elementor-column elementor-col-100 elementor-top-column elementor-element elementor-element-aa43342\" data-id=\"aa43342\" data-element_type=\"column\">\n\t\t\t<div class=\"elementor-widget-wrap elementor-element-populated\">\n\t\t\t\t\t\t<div class=\"elementor-element elementor-element-dc375cb elementor-widget elementor-widget-heading\" data-id=\"dc375cb\" data-element_type=\"widget\" data-widget_type=\"heading.default\">\n\t\t\t\t<div class=\"elementor-widget-container\">\n\t\t\t\t\t<h4 class=\"elementor-heading-title elementor-size-default\">Tipos de Certificado Digital<\/h4>\t\t\t\t<\/div>\n\t\t\t\t<\/div>\n\t\t\t\t\t<\/div>\n\t\t<\/div>\n\t\t\t\t\t<\/div>\n\t\t<\/section>\n\t\t\t\t<section class=\"elementor-section elementor-top-section elementor-element elementor-element-6a69a54 elementor-section-boxed elementor-section-height-default elementor-section-height-default\" data-id=\"6a69a54\" data-element_type=\"section\">\n\t\t\t\t\t\t<div class=\"elementor-container elementor-column-gap-default\">\n\t\t\t\t\t<div class=\"elementor-column elementor-col-20 elementor-top-column elementor-element elementor-element-83b9672\" data-id=\"83b9672\" data-element_type=\"column\">\n\t\t\t<div class=\"elementor-widget-wrap elementor-element-populated\">\n\t\t\t\t\t\t<div class=\"elementor-element elementor-element-5656682 elementor-invisible elementor-widget elementor-widget-image\" data-id=\"5656682\" data-element_type=\"widget\" data-settings=\"{&quot;_animation&quot;:&quot;fadeInUp&quot;,&quot;_animation_delay&quot;:0.5}\" data-widget_type=\"image.default\">\n\t\t\t\t<div class=\"elementor-widget-container\">\n\t\t\t\t\t\t\t\t\t\t\t\t<figure class=\"wp-caption\">\n\t\t\t\t\t\t\t\t\t\t\t<a href=\"https:\/\/lidernetwork.com.br\/web\/certificacao-digital\/e-cnpj-2\/\">\n\t\t\t\t\t\t\t<img fetchpriority=\"high\" decoding=\"async\" width=\"308\" height=\"308\" src=\"https:\/\/www.lidernetwork.com.br\/web\/wp-content\/uploads\/2023\/10\/e-cnpj.webp\" class=\"attachment-large size-large wp-image-1530\" alt=\"\" srcset=\"https:\/\/www.lidernetwork.com.br\/web\/wp-content\/uploads\/2023\/10\/e-cnpj.webp 308w, https:\/\/www.lidernetwork.com.br\/web\/wp-content\/uploads\/2023\/10\/e-cnpj-300x300.webp 300w, https:\/\/www.lidernetwork.com.br\/web\/wp-content\/uploads\/2023\/10\/e-cnpj-150x150.webp 150w, https:\/\/www.lidernetwork.com.br\/web\/wp-content\/uploads\/2023\/10\/e-cnpj-100x100.webp 100w, https:\/\/www.lidernetwork.com.br\/web\/wp-content\/uploads\/2023\/10\/e-cnpj-80x80.webp 80w, https:\/\/www.lidernetwork.com.br\/web\/wp-content\/uploads\/2023\/10\/e-cnpj-303x303.webp 303w\" sizes=\"(max-width: 308px) 100vw, 308px\" \/>\t\t\t\t\t\t\t\t<\/a>\n\t\t\t\t\t\t\t\t\t\t\t<figcaption class=\"widget-image-caption wp-caption-text\">e-CNPJ<\/figcaption>\n\t\t\t\t\t\t\t\t\t\t<\/figure>\n\t\t\t\t\t\t\t\t\t<\/div>\n\t\t\t\t<\/div>\n\t\t\t\t\t<\/div>\n\t\t<\/div>\n\t\t\t\t<div class=\"elementor-column elementor-col-20 elementor-top-column elementor-element elementor-element-09fe63a\" data-id=\"09fe63a\" data-element_type=\"column\">\n\t\t\t<div class=\"elementor-widget-wrap elementor-element-populated\">\n\t\t\t\t\t\t<div class=\"elementor-element elementor-element-c6dc992 elementor-invisible elementor-widget elementor-widget-image\" data-id=\"c6dc992\" data-element_type=\"widget\" data-settings=\"{&quot;_animation&quot;:&quot;fadeInUp&quot;,&quot;_animation_delay&quot;:1}\" data-widget_type=\"image.default\">\n\t\t\t\t<div class=\"elementor-widget-container\">\n\t\t\t\t\t\t\t\t\t\t\t\t<figure class=\"wp-caption\">\n\t\t\t\t\t\t\t\t\t\t\t<a href=\"https:\/\/lidernetwork.com.br\/web\/certificacao-digital\/e-cpf-2\/\">\n\t\t\t\t\t\t\t<img decoding=\"async\" width=\"309\" height=\"309\" src=\"https:\/\/www.lidernetwork.com.br\/web\/wp-content\/uploads\/2023\/10\/e-CPF.webp\" class=\"attachment-large size-large wp-image-1531\" alt=\"\" srcset=\"https:\/\/www.lidernetwork.com.br\/web\/wp-content\/uploads\/2023\/10\/e-CPF.webp 309w, https:\/\/www.lidernetwork.com.br\/web\/wp-content\/uploads\/2023\/10\/e-CPF-300x300.webp 300w, https:\/\/www.lidernetwork.com.br\/web\/wp-content\/uploads\/2023\/10\/e-CPF-150x150.webp 150w, https:\/\/www.lidernetwork.com.br\/web\/wp-content\/uploads\/2023\/10\/e-CPF-100x100.webp 100w, https:\/\/www.lidernetwork.com.br\/web\/wp-content\/uploads\/2023\/10\/e-CPF-80x80.webp 80w, https:\/\/www.lidernetwork.com.br\/web\/wp-content\/uploads\/2023\/10\/e-CPF-303x303.webp 303w\" sizes=\"(max-width: 309px) 100vw, 309px\" \/>\t\t\t\t\t\t\t\t<\/a>\n\t\t\t\t\t\t\t\t\t\t\t<figcaption class=\"widget-image-caption wp-caption-text\">e-CPF<\/figcaption>\n\t\t\t\t\t\t\t\t\t\t<\/figure>\n\t\t\t\t\t\t\t\t\t<\/div>\n\t\t\t\t<\/div>\n\t\t\t\t\t<\/div>\n\t\t<\/div>\n\t\t\t\t<div class=\"elementor-column elementor-col-20 elementor-top-column elementor-element elementor-element-fb22104\" data-id=\"fb22104\" data-element_type=\"column\">\n\t\t\t<div class=\"elementor-widget-wrap elementor-element-populated\">\n\t\t\t\t\t\t<div class=\"elementor-element elementor-element-1b7d006 elementor-invisible elementor-widget elementor-widget-image\" data-id=\"1b7d006\" data-element_type=\"widget\" data-settings=\"{&quot;_animation&quot;:&quot;fadeInUp&quot;,&quot;_animation_delay&quot;:1.5}\" data-widget_type=\"image.default\">\n\t\t\t\t<div class=\"elementor-widget-container\">\n\t\t\t\t\t\t\t\t\t\t\t\t<figure class=\"wp-caption\">\n\t\t\t\t\t\t\t\t\t\t\t<a href=\"https:\/\/lidernetwork.com.br\/web\/certificacao-digital\/certificado-a1-2\/\">\n\t\t\t\t\t\t\t<img decoding=\"async\" width=\"309\" height=\"309\" src=\"https:\/\/www.lidernetwork.com.br\/web\/wp-content\/uploads\/2023\/10\/certificado-A1.webp\" class=\"attachment-large size-large wp-image-1528\" alt=\"\" srcset=\"https:\/\/www.lidernetwork.com.br\/web\/wp-content\/uploads\/2023\/10\/certificado-A1.webp 309w, https:\/\/www.lidernetwork.com.br\/web\/wp-content\/uploads\/2023\/10\/certificado-A1-300x300.webp 300w, https:\/\/www.lidernetwork.com.br\/web\/wp-content\/uploads\/2023\/10\/certificado-A1-150x150.webp 150w, https:\/\/www.lidernetwork.com.br\/web\/wp-content\/uploads\/2023\/10\/certificado-A1-100x100.webp 100w, https:\/\/www.lidernetwork.com.br\/web\/wp-content\/uploads\/2023\/10\/certificado-A1-80x80.webp 80w, https:\/\/www.lidernetwork.com.br\/web\/wp-content\/uploads\/2023\/10\/certificado-A1-303x303.webp 303w\" sizes=\"(max-width: 309px) 100vw, 309px\" \/>\t\t\t\t\t\t\t\t<\/a>\n\t\t\t\t\t\t\t\t\t\t\t<figcaption class=\"widget-image-caption wp-caption-text\">Certificado A1<\/figcaption>\n\t\t\t\t\t\t\t\t\t\t<\/figure>\n\t\t\t\t\t\t\t\t\t<\/div>\n\t\t\t\t<\/div>\n\t\t\t\t\t<\/div>\n\t\t<\/div>\n\t\t\t\t<div class=\"elementor-column elementor-col-20 elementor-top-column elementor-element elementor-element-5aec0f5\" data-id=\"5aec0f5\" data-element_type=\"column\">\n\t\t\t<div class=\"elementor-widget-wrap elementor-element-populated\">\n\t\t\t\t\t\t<div class=\"elementor-element elementor-element-d9cd028 elementor-invisible elementor-widget elementor-widget-image\" data-id=\"d9cd028\" data-element_type=\"widget\" data-settings=\"{&quot;_animation&quot;:&quot;fadeInUp&quot;,&quot;_animation_delay&quot;:2}\" data-widget_type=\"image.default\">\n\t\t\t\t<div class=\"elementor-widget-container\">\n\t\t\t\t\t\t\t\t\t\t\t\t<figure class=\"wp-caption\">\n\t\t\t\t\t\t\t\t\t\t\t<a href=\"https:\/\/lidernetwork.com.br\/web\/certificacao-digital\/certificado-em-nuvem\/\">\n\t\t\t\t\t\t\t<img loading=\"lazy\" decoding=\"async\" width=\"309\" height=\"309\" src=\"https:\/\/www.lidernetwork.com.br\/web\/wp-content\/uploads\/2023\/10\/certificado-nuvem.webp\" class=\"attachment-large size-large wp-image-1529\" alt=\"\" srcset=\"https:\/\/www.lidernetwork.com.br\/web\/wp-content\/uploads\/2023\/10\/certificado-nuvem.webp 309w, https:\/\/www.lidernetwork.com.br\/web\/wp-content\/uploads\/2023\/10\/certificado-nuvem-300x300.webp 300w, https:\/\/www.lidernetwork.com.br\/web\/wp-content\/uploads\/2023\/10\/certificado-nuvem-150x150.webp 150w, https:\/\/www.lidernetwork.com.br\/web\/wp-content\/uploads\/2023\/10\/certificado-nuvem-100x100.webp 100w, https:\/\/www.lidernetwork.com.br\/web\/wp-content\/uploads\/2023\/10\/certificado-nuvem-80x80.webp 80w, https:\/\/www.lidernetwork.com.br\/web\/wp-content\/uploads\/2023\/10\/certificado-nuvem-303x303.webp 303w\" sizes=\"(max-width: 309px) 100vw, 309px\" \/>\t\t\t\t\t\t\t\t<\/a>\n\t\t\t\t\t\t\t\t\t\t\t<figcaption class=\"widget-image-caption wp-caption-text\">Certificado em Nuvem<\/figcaption>\n\t\t\t\t\t\t\t\t\t\t<\/figure>\n\t\t\t\t\t\t\t\t\t<\/div>\n\t\t\t\t<\/div>\n\t\t\t\t\t<\/div>\n\t\t<\/div>\n\t\t\t\t<div class=\"elementor-column elementor-col-20 elementor-top-column elementor-element elementor-element-87dcd4d\" data-id=\"87dcd4d\" data-element_type=\"column\">\n\t\t\t<div class=\"elementor-widget-wrap elementor-element-populated\">\n\t\t\t\t\t\t<div class=\"elementor-element elementor-element-850fe02 elementor-invisible elementor-widget elementor-widget-image\" data-id=\"850fe02\" data-element_type=\"widget\" data-settings=\"{&quot;_animation&quot;:&quot;fadeInUp&quot;,&quot;_animation_delay&quot;:2.5}\" data-widget_type=\"image.default\">\n\t\t\t\t<div class=\"elementor-widget-container\">\n\t\t\t\t\t\t\t\t\t\t\t\t<figure class=\"wp-caption\">\n\t\t\t\t\t\t\t\t\t\t\t<a href=\"https:\/\/lidernetwork.com.br\/web\/certificacao-digital\/renovacao-2\/\">\n\t\t\t\t\t\t\t<img loading=\"lazy\" decoding=\"async\" width=\"309\" height=\"309\" src=\"https:\/\/www.lidernetwork.com.br\/web\/wp-content\/uploads\/2023\/10\/renovacao.webp\" class=\"attachment-large size-large wp-image-1548\" alt=\"\" srcset=\"https:\/\/www.lidernetwork.com.br\/web\/wp-content\/uploads\/2023\/10\/renovacao.webp 309w, https:\/\/www.lidernetwork.com.br\/web\/wp-content\/uploads\/2023\/10\/renovacao-300x300.webp 300w, https:\/\/www.lidernetwork.com.br\/web\/wp-content\/uploads\/2023\/10\/renovacao-150x150.webp 150w, https:\/\/www.lidernetwork.com.br\/web\/wp-content\/uploads\/2023\/10\/renovacao-100x100.webp 100w, https:\/\/www.lidernetwork.com.br\/web\/wp-content\/uploads\/2023\/10\/renovacao-80x80.webp 80w, https:\/\/www.lidernetwork.com.br\/web\/wp-content\/uploads\/2023\/10\/renovacao-303x303.webp 303w\" sizes=\"(max-width: 309px) 100vw, 309px\" \/>\t\t\t\t\t\t\t\t<\/a>\n\t\t\t\t\t\t\t\t\t\t\t<figcaption class=\"widget-image-caption wp-caption-text\">Renova\u00e7\u00e3o<\/figcaption>\n\t\t\t\t\t\t\t\t\t\t<\/figure>\n\t\t\t\t\t\t\t\t\t<\/div>\n\t\t\t\t<\/div>\n\t\t\t\t\t<\/div>\n\t\t<\/div>\n\t\t\t\t\t<\/div>\n\t\t<\/section>\n\t\t\t\t<section class=\"elementor-section elementor-top-section elementor-element elementor-element-060508d elementor-section-height-min-height elementor-section-boxed elementor-section-height-default elementor-section-items-middle\" data-id=\"060508d\" data-element_type=\"section\" data-settings=\"{&quot;background_background&quot;:&quot;classic&quot;}\">\n\t\t\t\t\t\t<div class=\"elementor-container elementor-column-gap-default\">\n\t\t\t\t\t<div class=\"elementor-column elementor-col-100 elementor-top-column elementor-element elementor-element-5577258\" data-id=\"5577258\" data-element_type=\"column\">\n\t\t\t<div class=\"elementor-widget-wrap elementor-element-populated\">\n\t\t\t\t\t\t<div class=\"elementor-element elementor-element-8a3afc6 elementor-widget elementor-widget-heading\" data-id=\"8a3afc6\" data-element_type=\"widget\" data-widget_type=\"heading.default\">\n\t\t\t\t<div class=\"elementor-widget-container\">\n\t\t\t\t\t<h4 class=\"elementor-heading-title elementor-size-default\">O que \u00e9 e onde usar<\/h4>\t\t\t\t<\/div>\n\t\t\t\t<\/div>\n\t\t\t\t<div class=\"elementor-element elementor-element-391421f elementor-widget__width-initial elementor-widget elementor-widget-text-editor\" data-id=\"391421f\" data-element_type=\"widget\" data-widget_type=\"text-editor.default\">\n\t\t\t\t<div class=\"elementor-widget-container\">\n\t\t\t\t\t\t\t\t\t<p>O <strong>Certificado Digital<\/strong> \u00e9 a identidade digital da pessoa f\u00edsica e jur\u00eddica no meio eletr\u00f4nico. Ele garante <strong>autenticidade<\/strong>, <strong>confidencialidade<\/strong>, <strong>integridade<\/strong> e <strong>n\u00e3o rep\u00fadio<\/strong> nas opera\u00e7\u00f5es que s\u00e3o realizadas por meio dele, atribuindo validade jur\u00eddica.<\/p>\t\t\t\t\t\t\t\t<\/div>\n\t\t\t\t<\/div>\n\t\t\t\t<div class=\"elementor-element elementor-element-66cb200 elementor-widget__width-initial elementor-widget elementor-widget-text-editor\" data-id=\"66cb200\" data-element_type=\"widget\" data-widget_type=\"text-editor.default\">\n\t\t\t\t<div class=\"elementor-widget-container\">\n\t\t\t\t\t\t\t\t\t<p><span style=\"color: #000000;\"><strong>QUAIS S\u00c3O OS BENEF\u00cdCIOS DO CERTIFICADO DIGITAL?<\/strong><\/span><\/p><p style=\"padding-left: 40px;\">Por identificar no meio eletr\u00f4nico, ele permite que diversos servi\u00e7os sejam realizados sem a necessidade da presen\u00e7a f\u00edsica, o que significa: agilidade nos processos, sustentabilidade e redu\u00e7\u00e3o de custos.<\/p>\t\t\t\t\t\t\t\t<\/div>\n\t\t\t\t<\/div>\n\t\t\t\t<div class=\"elementor-element elementor-element-11bd848 elementor-widget__width-initial elementor-widget elementor-widget-text-editor\" data-id=\"11bd848\" data-element_type=\"widget\" data-widget_type=\"text-editor.default\">\n\t\t\t\t<div class=\"elementor-widget-container\">\n\t\t\t\t\t\t\t\t\t<p><span style=\"color: #000000;\"><strong>ONDE EU POSSO ARMAZENAR O CERTIFICADO DIGITAL?<\/strong><\/span><\/p><p style=\"padding-left: 40px;\">Existem 2 tipos de Certificado Digital:<\/p><ul><li style=\"list-style-type: none;\"><ul><li><strong>Certificado A1<\/strong> &#8211; \u00e9 emitido e armazenado no computador ou no dispositivo m\u00f3vel (smartphone ou tablet). Tem validade de 1 ano.<\/li><li><strong>Certificado A3<\/strong> &#8211; \u00e9 emitido e armazenado em m\u00eddia criptogr\u00e1fica (Cart\u00e3o, Token ou Nuvem). Tem validade de 1 a 5 anos.<\/li><\/ul><\/li><\/ul>\t\t\t\t\t\t\t\t<\/div>\n\t\t\t\t<\/div>\n\t\t\t\t\t<\/div>\n\t\t<\/div>\n\t\t\t\t\t<\/div>\n\t\t<\/section>\n\t\t\t\t<\/div>\n\t\t","protected":false},"excerpt":{"rendered":"<p>E-CNPJ Certificado Digital L\u00edder Network Certificadora Melhor experi\u00eancia para voc\u00ea E-CPF Venha conferir Tipos de Certificado Digital e-CNPJ e-CPF Certificado A1 Certificado em Nuvem Renova\u00e7\u00e3o O que \u00e9 e onde usar O Certificado Digital \u00e9 a identidade digital da pessoa &hellip; <a href=\"https:\/\/www.lidernetwork.com.br\/web\/?page_id=1463\">Read More<\/a><\/p>\n","protected":false},"author":3,"featured_media":0,"parent":0,"menu_order":0,"comment_status":"closed","ping_status":"closed","template":"","meta":{"footnotes":""},"class_list":["post-1463","page","type-page","status-publish","hentry"],"_links":{"self":[{"href":"https:\/\/www.lidernetwork.com.br\/web\/index.php?rest_route=\/wp\/v2\/pages\/1463","targetHints":{"allow":["GET"]}}],"collection":[{"href":"https:\/\/www.lidernetwork.com.br\/web\/index.php?rest_route=\/wp\/v2\/pages"}],"about":[{"href":"https:\/\/www.lidernetwork.com.br\/web\/index.php?rest_route=\/wp\/v2\/types\/page"}],"author":[{"embeddable":true,"href":"https:\/\/www.lidernetwork.com.br\/web\/index.php?rest_route=\/wp\/v2\/users\/3"}],"replies":[{"embeddable":true,"href":"https:\/\/www.lidernetwork.com.br\/web\/index.php?rest_route=%2Fwp%2Fv2%2Fcomments&post=1463"}],"version-history":[{"count":55,"href":"https:\/\/www.lidernetwork.com.br\/web\/index.php?rest_route=\/wp\/v2\/pages\/1463\/revisions"}],"predecessor-version":[{"id":1669,"href":"https:\/\/www.lidernetwork.com.br\/web\/index.php?rest_route=\/wp\/v2\/pages\/1463\/revisions\/1669"}],"wp:attachment":[{"href":"https:\/\/www.lidernetwork.com.br\/web\/index.php?rest_route=%2Fwp%2Fv2%2Fmedia&parent=1463"}],"curies":[{"name":"wp","href":"https:\/\/api.w.org\/{rel}","templated":true}]}}